{"id":1152,"date":"2025-08-06T22:19:11","date_gmt":"2025-08-06T22:19:11","guid":{"rendered":"https:\/\/transbioma.com\/home\/"},"modified":"2025-08-28T05:48:50","modified_gmt":"2025-08-28T04:48:50","slug":"home","status":"publish","type":"page","link":"https:\/\/transbioma.com\/en\/","title":{"rendered":"Transbioma"},"content":{"rendered":"<p><\/p>\n\n\n\n<div class=\"wp-block-uagb-container uagb-block-ldn3j2ru alignfull uagb-is-root-container\"><div class=\"uagb-container-inner-blocks-wrap\">\n<div class=\"wp-block-uagb-info-box uagb-block-bbo5ndon uagb-infobox__content-wrap  uagb-infobox-icon-above-title uagb-infobox-image-valign-top\"><div class=\"uagb-ifb-content\"><div class=\"uagb-ifb-title-wrap\"><h1 class=\"uagb-ifb-title\">Recupera tu salud desde el origen: LA MICROBIOTA<\/h1><\/div><\/div><\/div>\n\n\n\n<div class=\"wp-block-uagb-info-box uagb-block-c0gjiqul uagb-infobox__content-wrap  uagb-infobox-icon-above-title uagb-infobox-image-valign-top\"><div class=\"uagb-ifb-content\"><div class=\"uagb-ifb-title-wrap\"><\/div><p class=\"uagb-ifb-desc\">\u201cLa ciencia lo respalda: el trasplante de microbiota fecal (TMF) est\u00e1 transformando vidas. Aqu\u00ed encontrar\u00e1s la informaci\u00f3n, el criterio y los recursos para hacerlo de la forma m\u00e1s segura y efectiva.\u201d<\/p><\/div><\/div>\n<\/div><\/div>\n\n\n\n<div class=\"wp-block-uagb-container uagb-block-seis2pet alignfull uagb-is-root-container\"><div class=\"uagb-container-inner-blocks-wrap\">\n<div class=\"wp-block-uagb-image alignleft uagb-block-ehr2znre wp-block-uagb-image--layout-default wp-block-uagb-image--effect-static wp-block-uagb-image--align-left\"><figure class=\"wp-block-uagb-image__figure\"><img loading=\"lazy\" decoding=\"async\" srcset=\"https:\/\/transbioma.com\/wp-content\/uploads\/2025\/08\/freepik__healthcare-professional-reviewing-patient-results-__84885-1024x553.jpeg ,https:\/\/transbioma.com\/wp-content\/uploads\/2025\/08\/freepik__healthcare-professional-reviewing-patient-results-__84885.jpeg 780w, https:\/\/transbioma.com\/wp-content\/uploads\/2025\/08\/freepik__healthcare-professional-reviewing-patient-results-__84885.jpeg 360w\" sizes=\"auto, (max-width: 480px) 150px\" src=\"https:\/\/transbioma.com\/wp-content\/uploads\/2025\/08\/freepik__healthcare-professional-reviewing-patient-results-__84885-1024x553.jpeg\" alt=\"\" class=\"uag-image-1842\" width=\"564\" height=\"423\" title=\"freepik__healthcare-professional-reviewing-patient-results-__84885\" role=\"img\"\/><\/figure><\/div>\n\n\n\n<div class=\"wp-block-uagb-container uagb-block-dv6mxhqw\">\n<div class=\"wp-block-uagb-info-box uagb-block-oslrppcn uagb-infobox__content-wrap  uagb-infobox-icon-above-title uagb-infobox-image-valign-top\"><div class=\"uagb-ifb-content\"><div class=\"uagb-ifb-title-wrap\"><h2 class=\"uagb-ifb-title\">\u00bfQu\u00e9 es Transbioma?<\/h2><\/div><p class=\"uagb-ifb-desc\">\u201cSomos un proyecto de divulgaci\u00f3n y apoyo sobre trasplantes de microbiota fecal (TMF), enfocado en ofrecer informaci\u00f3n basada en evidencia y experiencia real. Nuestro objetivo: ayudarte a recuperar tu equilibrio intestinal con el mejor protocolo posible, evitando errores y riesgos innecesarios.\u201d<\/p><\/div><\/div>\n\n\n\n<div class=\"wp-block-uagb-buttons uagb-buttons__outer-wrap uagb-btn__default-btn uagb-btn-tablet__default-btn uagb-btn-mobile__default-btn uagb-block-fsgymtn9\"><div class=\"uagb-buttons__wrap uagb-buttons-layout-wrap\">\n<div class=\"wp-block-uagb-buttons-child uagb-buttons__outer-wrap uagb-block-inbqoeuu wp-block-button\"><div class=\"uagb-button__wrapper\"><a class=\"uagb-buttons-repeater ast-outline-button\" aria-label=\"\" style=\"border-width:revert-layer\" href=\"https:\/\/transbioma.com\/en\/sobre-mi\/\" rel=\"follow noopener\" target=\"_self\" role=\"button\"><div class=\"uagb-button__link\">\u201cM\u00e1s informaci\u00f3n\u201d<\/div><\/a><\/div><\/div>\n<\/div><\/div>\n<\/div>\n<\/div><\/div>\n\n\n\n\t\t\t<div class=\"wp-block-uagb-post-grid uagb-post-grid  uagb-post__image-position-top uagb-post__image-enabled uagb-block-ac3d3e79     uagb-post__items uagb-post__columns-3 is-grid uagb-post__columns-tablet-2 uagb-post__columns-mobile-1 uagb-post__equal-height\" data-total=\"1\" style=\"\">\n\n\t\t\t\t\t\t\t\t\t\t\t\t<article class=\"uagb-post__inner-wrap\">\t\t\t\t\t\t\t\t<h4 class=\"uagb-post__title uagb-post__text\">\n\t\t\t\t<a href=\"https:\/\/transbioma.com\/en\/el-mejor-probiotico\/\" target=\"_self\" rel=\"bookmark noopener noreferrer\">El mejor probi\u00f3tico para recuperar tu microbiota intestinal<\/a>\n\t\t\t<\/h4>\n\t\t\t\t\t\t<div class='uagb-post__text uagb-post-grid-byline'>\n\t\t\t\t\t\t\t\t<time datetime=\"2025-08-26T20:15:27+01:00\" class=\"uagb-post__date\">\n\t\t\t\t<span class=\"dashicons-calendar dashicons\"><\/span>\t\t\t\t\tAugust 26, 2025\t\t\t\t<\/time>\n\t\t\t\t\t\t\t<span class=\"uagb-post__comment\">\n\t\t\t\t<span class=\"dashicons-admin-comments dashicons\"><\/span>\t\t\t\t\tNo Comments\t\t\t\t<\/span>\n\t\t\t\t\t\t<\/div>\n\t\t\t\t\t\t\t<div class='uagb-post__text uagb-post__excerpt'>\n\t\t\t\t\t<p>El problema de los probi\u00f3ticos comerciales Nuestra microbiota intestinal es un ecosistema formado por miles&#8230;\t\t\t\t<\/div>\n\t\t\t\t\t\t<div class=\"uagb-post__text uagb-post__cta wp-block-button\">\n\t\t\t\t<a class=\"wp-block-button__link uagb-text-link\" style=\"\" href=\"https:\/\/transbioma.com\/en\/el-mejor-probiotico\/\" target=\"_self\" rel=\"bookmark noopener noreferrer\">Read More<\/a>\n\t\t\t<\/div>\n\t\t\t\n\t\t\t\t\t\t\t\t\t<\/article>\n\t\t\t\t\t\t\t\t\t\t\t\t\t\t\t\t<article class=\"uagb-post__inner-wrap\">\t\t\t\t\t\t\t\t<h4 class=\"uagb-post__title uagb-post__text\">\n\t\t\t\t<a href=\"https:\/\/transbioma.com\/en\/probioticos-microbiota\/\" target=\"_self\" rel=\"bookmark noopener noreferrer\">\u00bfDeber\u00edas tomar probi\u00f3ticos? La verdad sobre la microbiota intestinal y los suplementos<\/a>\n\t\t\t<\/h4>\n\t\t\t\t\t\t<div class='uagb-post__text uagb-post-grid-byline'>\n\t\t\t\t\t\t\t\t<time datetime=\"2025-08-24T20:33:40+01:00\" class=\"uagb-post__date\">\n\t\t\t\t<span class=\"dashicons-calendar dashicons\"><\/span>\t\t\t\t\tAugust 24, 2025\t\t\t\t<\/time>\n\t\t\t\t\t\t\t<span class=\"uagb-post__comment\">\n\t\t\t\t<span class=\"dashicons-admin-comments dashicons\"><\/span>\t\t\t\t\tNo Comments\t\t\t\t<\/span>\n\t\t\t\t\t\t<\/div>\n\t\t\t\t\t\t\t<div class='uagb-post__text uagb-post__excerpt'>\n\t\t\t\t\t<p>Los probi\u00f3ticos se han convertido en un negocio multimillonario y est\u00e1n presentes en c\u00e1psulas, yogures,&#8230;\t\t\t\t<\/div>\n\t\t\t\t\t\t<div class=\"uagb-post__text uagb-post__cta wp-block-button\">\n\t\t\t\t<a class=\"wp-block-button__link uagb-text-link\" style=\"\" href=\"https:\/\/transbioma.com\/en\/probioticos-microbiota\/\" target=\"_self\" rel=\"bookmark noopener noreferrer\">Read More<\/a>\n\t\t\t<\/div>\n\t\t\t\n\t\t\t\t\t\t\t\t\t<\/article>\n\t\t\t\t\t\t\t\t\t\t\t\t\t\t\t\t<article class=\"uagb-post__inner-wrap\">\t\t\t\t\t\t\t\t<h4 class=\"uagb-post__title uagb-post__text\">\n\t\t\t\t<a href=\"https:\/\/transbioma.com\/en\/perdida-de-microbiota\/\" target=\"_self\" rel=\"bookmark noopener noreferrer\">\u00bfCamino a la extinci\u00f3n? La verdad sobre la microbiota intestinal y nuestra salud<\/a>\n\t\t\t<\/h4>\n\t\t\t\t\t\t<div class='uagb-post__text uagb-post-grid-byline'>\n\t\t\t\t\t\t\t\t<time datetime=\"2025-08-24T20:31:43+01:00\" class=\"uagb-post__date\">\n\t\t\t\t<span class=\"dashicons-calendar dashicons\"><\/span>\t\t\t\t\tAugust 24, 2025\t\t\t\t<\/time>\n\t\t\t\t\t\t\t<span class=\"uagb-post__comment\">\n\t\t\t\t<span class=\"dashicons-admin-comments dashicons\"><\/span>\t\t\t\t\tNo Comments\t\t\t\t<\/span>\n\t\t\t\t\t\t<\/div>\n\t\t\t\t\t\t\t<div class='uagb-post__text uagb-post__excerpt'>\n\t\t\t\t\t<p>En los \u00faltimos a\u00f1os hemos empezado a notar se\u00f1ales preocupantes en nuestra salud: intolerancias alimentarias,&#8230;\t\t\t\t<\/div>\n\t\t\t\t\t\t<div class=\"uagb-post__text uagb-post__cta wp-block-button\">\n\t\t\t\t<a class=\"wp-block-button__link uagb-text-link\" style=\"\" href=\"https:\/\/transbioma.com\/en\/perdida-de-microbiota\/\" target=\"_self\" rel=\"bookmark noopener noreferrer\">Read More<\/a>\n\t\t\t<\/div>\n\t\t\t\n\t\t\t\t\t\t\t\t\t<\/article>\n\t\t\t\t\t\t\t\t\t\t\t\t\t\t\t\t<article class=\"uagb-post__inner-wrap\">\t\t\t\t\t\t\t\t<h4 class=\"uagb-post__title uagb-post__text\">\n\t\t\t\t<a href=\"https:\/\/transbioma.com\/en\/buen-donante-de-microbiota\/\" target=\"_self\" rel=\"bookmark noopener noreferrer\">\u00bfEres un buen donante de microbiota? Requisitos y perfil ideal<\/a>\n\t\t\t<\/h4>\n\t\t\t\t\t\t<div class='uagb-post__text uagb-post-grid-byline'>\n\t\t\t\t\t\t\t\t<time datetime=\"2025-08-24T20:30:38+01:00\" class=\"uagb-post__date\">\n\t\t\t\t<span class=\"dashicons-calendar dashicons\"><\/span>\t\t\t\t\tAugust 24, 2025\t\t\t\t<\/time>\n\t\t\t\t\t\t\t<span class=\"uagb-post__comment\">\n\t\t\t\t<span class=\"dashicons-admin-comments dashicons\"><\/span>\t\t\t\t\tNo Comments\t\t\t\t<\/span>\n\t\t\t\t\t\t<\/div>\n\t\t\t\t\t\t\t<div class='uagb-post__text uagb-post__excerpt'>\n\t\t\t\t\t<p>Descargo de responsabilidad:Esta informaci\u00f3n tiene fines divulgativos. No soy m\u00e9dico ni profesional sanitario. El trasplante&#8230;\t\t\t\t<\/div>\n\t\t\t\t\t\t<div class=\"uagb-post__text uagb-post__cta wp-block-button\">\n\t\t\t\t<a class=\"wp-block-button__link uagb-text-link\" style=\"\" href=\"https:\/\/transbioma.com\/en\/buen-donante-de-microbiota\/\" target=\"_self\" rel=\"bookmark noopener noreferrer\">Read More<\/a>\n\t\t\t<\/div>\n\t\t\t\n\t\t\t\t\t\t\t\t\t<\/article>\n\t\t\t\t\t\t\t\t\t\t\t<\/div>\n\t\t\t\n\n\n<div class=\"wp-block-uagb-container uagb-block-nizjwljg alignfull uagb-is-root-container\"><div class=\"uagb-container-inner-blocks-wrap\">\n<div class=\"wp-block-uagb-image alignleft uagb-block-pfoy0xyy wp-block-uagb-image--layout-default wp-block-uagb-image--effect-static wp-block-uagb-image--align-left\"><figure class=\"wp-block-uagb-image__figure\"><img loading=\"lazy\" decoding=\"async\" srcset=\"https:\/\/transbioma.com\/wp-content\/uploads\/2025\/08\/telegram.original_WBoNKRA-1.jpg ,https:\/\/transbioma.com\/wp-content\/uploads\/2025\/08\/telegram.original_WBoNKRA-1.jpg 780w, https:\/\/transbioma.com\/wp-content\/uploads\/2025\/08\/telegram.original_WBoNKRA-1.jpg 360w\" sizes=\"auto, (max-width: 480px) 150px\" src=\"https:\/\/transbioma.com\/wp-content\/uploads\/2025\/08\/telegram.original_WBoNKRA-1.jpg\" alt=\"\" class=\"uag-image-1846\" width=\"270\" height=\"360\" title=\"telegram.original_WBoNKRA\" role=\"img\"\/><\/figure><\/div>\n\n\n\n<div class=\"wp-block-uagb-image alignleft uagb-block-ch0jvipb wp-block-uagb-image--layout-default wp-block-uagb-image--effect-static wp-block-uagb-image--align-left\"><figure class=\"wp-block-uagb-image__figure\"><img loading=\"lazy\" decoding=\"async\" srcset=\"https:\/\/transbioma.com\/wp-content\/uploads\/2025\/08\/155473-OV6O7F-967-1-1024x836.jpg ,https:\/\/transbioma.com\/wp-content\/uploads\/2025\/08\/155473-OV6O7F-967-1.jpg 780w, https:\/\/transbioma.com\/wp-content\/uploads\/2025\/08\/155473-OV6O7F-967-1.jpg 360w\" sizes=\"auto, (max-width: 480px) 150px\" src=\"https:\/\/transbioma.com\/wp-content\/uploads\/2025\/08\/155473-OV6O7F-967-1-1024x836.jpg\" alt=\"\" class=\"uag-image-1847\" width=\"270\" height=\"360\" title=\"155473-OV6O7F-967\" role=\"img\"\/><\/figure><\/div>\n<\/div><\/div>\n\n\n\n<div class=\"wp-block-uagb-container uagb-block-cnw5xvod alignfull uagb-is-root-container\"><div class=\"uagb-container-inner-blocks-wrap\">\n<div class=\"wp-block-uagb-container uagb-block-9clx75er\">\n<div class=\"wp-block-uagb-info-box uagb-block-7a7ovdhh uagb-infobox__content-wrap  uagb-infobox-icon-above-title uagb-infobox-image-valign-top\"><div class=\"uagb-ifb-content\"><div class=\"uagb-ifb-title-wrap\"><h2 class=\"uagb-ifb-title\">\u201c\u00danete a nuestra comunidad y accede a material exclusivo\u201d<\/h2><\/div><p class=\"uagb-ifb-desc\">\u201cRecibe gu\u00edas, actualizaciones y recursos pr\u00e1cticos sobre TMF.\u201d<\/p><\/div><\/div>\n\n\n\n<div class=\"wp-block-uagb-buttons uagb-buttons__outer-wrap uagb-btn__default-btn uagb-btn-tablet__default-btn uagb-btn-mobile__default-btn uagb-block-bs55rkl9\"><div class=\"uagb-buttons__wrap uagb-buttons-layout-wrap\">\n<div class=\"wp-block-uagb-buttons-child uagb-buttons__outer-wrap uagb-block-jf8tvgtf wp-block-button\"><div class=\"uagb-button__wrapper\"><a class=\"uagb-buttons-repeater wp-block-button__link\" aria-label=\"\" href=\"https:\/\/t.me\/transbioma\" rel=\"follow noopener\" target=\"_blank\" role=\"button\"><div class=\"uagb-button__link\">\u00abEntrar al canal de Telegram\u00bb<\/div><\/a><\/div><\/div>\n<\/div><\/div>\n<\/div>\n<\/div><\/div>\n\n\n\n<footer class=\"footer-wrap\">\n  <div class=\"footer-cols\">\n    <div class=\"col\">\n      <h4>Transbioma<\/h4>\n      <ul>\n        <li><a href=\"\/en\/sobre-mi\/\">Sobre m\u00ed<\/a><\/li>\n        <li><a href=\"\/en\/contacto\/\">Contacto<\/a><\/li>\n        <li><a href=\"\/en\/blog\/\">Blog<\/a><\/li>\n<li><a href=\"https:\/\/transbioma.com\/en\/preguntas-frecuentes\/\" target=\"_blank\" rel=\"noopener\">Preguntas frecuentes<\/a><\/li>\n        <li><a href=\"post-sitemap.xml\">Mapa del sitio<\/a><\/li>\n      <\/ul>\n    <\/div>\n\n    <div class=\"col\">\n      <h4>Legal<\/h4>\n      <ul>\n        <li><a href=\"\/en\/aviso-legal\/\">Aviso legal<\/a><\/li>\n        <li><a href=\"\/en\/politica-de-privacidad\/\">Pol\u00edtica de privacidad<\/a><\/li>\n        <li><a href=\"\/en\/politica-de-cookies\/\">Pol\u00edtica de cookies<\/a><\/li>\n        <li><a href=\"\/en\/informacion-legal\/\">Informaci\u00f3n legal y reglamentaria<\/a><\/li>\n      <\/ul>\n    <\/div>\n\n    <div class=\"col\">\n      <h4>Servicios &#038; Comunidad<\/h4>\n      <ul>\n        <li><a href=\"https:\/\/transbioma.com\/en\/trasplante-de-microbiota\/\">Trasplante de microbiota<\/a><\/li>\n        <li><a href=\"https:\/\/transbioma.com\/en\/formulario-donante-microbiota\/\">Formulario donante<\/a><\/li>\n        <li><a href=\"https:\/\/t.me\/transbioma\" rel=\"noopener\">Telegram<\/a><\/li>\n        <li><a href=\"https:\/\/transbioma.com\/en\/newsletter\/\"rel=\"noopener\">Newsletter<\/a><\/li>\n      <\/ul>\n    <\/div>\n\n    <div class=\"col\">\n      <h4>Preferencias<\/h4>\n      <ul>\n        <li><!-- Bot\u00f3n Complianz: -->\n          <div id=\"cmplz-manage-consent-container-nojavascript\">You have loaded the Cookie Policy without javascript support.&nbsp;On AMP, you can use the manage consent button on the bottom of the page.<\/div><div id=\"cmplz-manage-consent-container\" name=\"cmplz-manage-consent-container\" class=\"cmplz-manage-consent-container\"><\/div>\n        <\/li>\n        <li><a href=\"\/en\/\">ES<\/a> \u00b7 <a href=\"\/en\/\">EN<\/a><\/li>\n        <li>\n          <a href=\"https:\/\/www.youtube.com\/@SanoFuerteFeliz\" rel=\"noopener\" target=\"_blank\">YouTube<\/a> \u00b7\n          <a href=\"https:\/\/www.instagram.com\/transbioma\" rel=\"noopener\" target=\"_blank\">Instagram<\/a> \u00b7\n          <a href=\"https:\/\/t.me\/transbioma\" rel=\"noopener\">Telegram<\/a>\n        <\/li>\n      <\/ul>\n    <\/div>\n  <\/div>\n\n  <div class=\"footer-bottom\">\n    <p class=\"disclaimer\">\n      Transbioma ofrece informaci\u00f3n educativa. No es asesoramiento m\u00e9dico. Consulta siempre con un profesional sanitario.\n    <\/p>\n    <p class=\"id-mini\">\n      Responsable: Luis Salva Villar \u00b7 Colmenar Viejo (Madrid), Espa\u00f1a \u00b7 <a href=\"mailto:info@transbioma.com\">info@transbioma.com<\/a>\n    <\/p>\n    <p class=\"copyright\">\u00a9 <span id=\"year\"><\/span> Transbioma. Todos los derechos reservados.<\/p>\n  <\/div>\n<\/footer>\n\n<script>\n  document.getElementById('year').textContent = new Date().getFullYear();\n<\/script>\n\n<style>\n.footer-wrap{padding:32px 0;border-top:1px solid rgba(0,0,0,.08);font-size:14px}\n.footer-cols{display:grid;grid-template-columns:repeat(4,minmax(0,1fr));gap:24px}\n.footer-cols h4{margin:0 0 12px 0;font-size:15px;font-weight:700}\n.footer-cols ul{list-style:none;margin:0;padding:0}\n.footer-cols li{margin:6px 0}\n.footer-cols a{text-decoration:none}\n.footer-cols a:hover{text-decoration:underline}\n.footer-bottom{margin-top:24px;border-top:1px solid rgba(0,0,0,.08);padding-top:16px;font-size:12px;opacity:.85}\n.disclaimer{margin:0 0 6px}\n.id-mini{margin:0 0 6px}\n@media (max-width: 900px){\n  .footer-cols{grid-template-columns:1fr 1fr}\n}\n@media (max-width: 520px){\n  .footer-cols{grid-template-columns:1fr}\n}\n<\/style>","protected":false},"excerpt":{"rendered":"<p>Transbioma Sobre m\u00ed Contacto Blog Preguntas frecuentes Mapa del sitio Legal Aviso legal Pol\u00edtica de privacidad Pol\u00edtica de cookies Informaci\u00f3n [&hellip;]<\/p>","protected":false},"author":1,"featured_media":0,"parent":0,"menu_order":0,"comment_status":"closed","ping_status":"closed","template":"","meta":{"_uag_custom_page_level_css":"","_monsterinsights_skip_tracking":false,"_monsterinsights_sitenote_active":false,"_monsterinsights_sitenote_note":"","_monsterinsights_sitenote_category":0,"site-sidebar-layout":"default","site-content-layout":"plain-container","ast-site-content-layout":"normal-width-container","site-content-style":"unboxed","site-sidebar-style":"unboxed","ast-global-header-display":"","ast-banner-title-visibility":"","ast-main-header-display":"","ast-hfb-above-header-display":"","ast-hfb-below-header-display":"","ast-hfb-mobile-header-display":"","site-post-title":"disabled","ast-breadcrumbs-content":"","ast-featured-img":"disabled","footer-sml-layout":"","theme-transparent-header-meta":"enabled","adv-header-id-meta":"","stick-header-meta":"","header-above-stick-meta":"","header-main-stick-meta":"","header-below-stick-meta":"","astra-migrate-meta-layouts":"set","ast-page-background-enabled":"default","ast-page-background-meta":{"desktop":{"background-color":"var(--ast-global-color-5)","background-image":"","background-repeat":"repeat","background-position":"center center","background-size":"auto","background-attachment":"scroll","background-type":"","background-media":"","overlay-type":"","overlay-color":"","overlay-opacity":"","overlay-gradient":""},"tablet":{"background-color":"","background-image":"","background-repeat":"repeat","background-position":"center center","background-size":"auto","background-attachment":"scroll","background-type":"","background-media":"","overlay-type":"","overlay-color":"","overlay-opacity":"","overlay-gradient":""},"mobile":{"background-color":"","background-image":"","background-repeat":"repeat","background-position":"center center","background-size":"auto","background-attachment":"scroll","background-type":"","background-media":"","overlay-type":"","overlay-color":"","overlay-opacity":"","overlay-gradient":""}},"ast-content-background-meta":{"desktop":{"background-color":"var(--ast-global-color-4)","background-image":"","background-repeat":"repeat","background-position":"center center","background-size":"auto","background-attachment":"scroll","background-type":"","background-media":"","overlay-type":"","overlay-color":"","overlay-opacity":"","overlay-gradient":""},"tablet":{"background-color":"var(--ast-global-color-4)","background-image":"","background-repeat":"repeat","background-position":"center center","background-size":"auto","background-attachment":"scroll","background-type":"","background-media":"","overlay-type":"","overlay-color":"","overlay-opacity":"","overlay-gradient":""},"mobile":{"background-color":"var(--ast-global-color-4)","background-image":"","background-repeat":"repeat","background-position":"center center","background-size":"auto","background-attachment":"scroll","background-type":"","background-media":"","overlay-type":"","overlay-color":"","overlay-opacity":"","overlay-gradient":""}},"footnotes":""},"class_list":["post-1152","page","type-page","status-publish","hentry"],"aioseo_notices":[],"uagb_featured_image_src":{"full":false,"thumbnail":false,"medium":false,"medium_large":false,"large":false,"1536x1536":false,"2048x2048":false,"trp-custom-language-flag":false,"mailpoet_newsletter_max":false},"uagb_author_info":{"display_name":"Luis S. V.","author_link":"https:\/\/transbioma.com\/en\/author\/luisignaciosvgmail-com\/"},"uagb_comment_info":0,"uagb_excerpt":"Transbioma Sobre m\u00ed Contacto Blog Preguntas frecuentes Mapa del sitio Legal Aviso legal Pol\u00edtica de privacidad Pol\u00edtica de cookies Informaci\u00f3n [&hellip;]","_links":{"self":[{"href":"https:\/\/transbioma.com\/en\/wp-json\/wp\/v2\/pages\/1152","targetHints":{"allow":["GET"]}}],"collection":[{"href":"https:\/\/transbioma.com\/en\/wp-json\/wp\/v2\/pages"}],"about":[{"href":"https:\/\/transbioma.com\/en\/wp-json\/wp\/v2\/types\/page"}],"author":[{"embeddable":true,"href":"https:\/\/transbioma.com\/en\/wp-json\/wp\/v2\/users\/1"}],"replies":[{"embeddable":true,"href":"https:\/\/transbioma.com\/en\/wp-json\/wp\/v2\/comments?post=1152"}],"version-history":[{"count":38,"href":"https:\/\/transbioma.com\/en\/wp-json\/wp\/v2\/pages\/1152\/revisions"}],"predecessor-version":[{"id":2032,"href":"https:\/\/transbioma.com\/en\/wp-json\/wp\/v2\/pages\/1152\/revisions\/2032"}],"wp:attachment":[{"href":"https:\/\/transbioma.com\/en\/wp-json\/wp\/v2\/media?parent=1152"}],"curies":[{"name":"wp","href":"https:\/\/api.w.org\/{rel}","templated":true}]}}