{"id":1154,"date":"2025-08-06T22:19:11","date_gmt":"2025-08-06T22:19:11","guid":{"rendered":"https:\/\/transbioma.com\/about\/"},"modified":"2025-08-26T20:18:11","modified_gmt":"2025-08-26T19:18:11","slug":"sobre-mi","status":"publish","type":"page","link":"https:\/\/transbioma.com\/es\/sobre-mi\/","title":{"rendered":"Sobre mi"},"content":{"rendered":"\n<div class=\"wp-block-uagb-container uagb-layout-grid uagb-block-dff93726 default uagb-is-root-container\">\n<div class=\"wp-block-uagb-container uagb-block-381faebe\">      \n\t\t\t<div class=\"uagb-icon-wrapper uagb-block-b22b9e17  wp-block-uagb-icon--has-margin    \"\n\t\t\tstyle=\"\" >\n\t\t\t\t\t\t\t\t<div class='uagb-icon-margin-wrapper'>\n\t\t\t\t\t\t\t\t\t<span class=\"uagb-svg-wrapper\" \n\t\t\t\t\t aria-label=\"quote-right\"\t\t\t\t\ttabindex=\"0\">\t\t\n\t\t\t\t\t\t\t\t\t\t<svg xmlns=\"https:\/\/www.w3.org\/2000\/svg\" viewBox= \"0 0 448 512\" role=\"graphics-symbol\" aria-hidden=\"false\" aria-label=\"\"><path d=\"M96 96C42.98 96 0 138.1 0 192s42.98 96 96 96c11.28 0 21.95-2.305 32-5.879V288c0 35.3-28.7 64-64 64c-17.67 0-32 14.33-32 32s14.33 32 32 32c70.58 0 128-57.42 128-128V192C192 138.1 149 96 96 96zM448 192c0-53.02-42.98-96-96-96s-96 42.98-96 96s42.98 96 96 96c11.28 0 21.95-2.305 32-5.879V288c0 35.3-28.7 64-64 64c-17.67 0-32 14.33-32 32s14.33 32 32 32c70.58 0 128-57.42 128-128V192z\"><\/path><\/svg>\n\t\t\t\t\t\t\t\t\t<\/span>\n\t\t\t\t\t\t\t\t<\/div>\n\t\t\t\t\t\t\t<\/div>\n\t\t\t\n\n\n<p><\/p>\n\n\n\n<div class=\"wp-block-uagb-advanced-heading uagb-block-65fa4359 uag-blocks-common-selector\" style=\"--z-index-desktop:3;;--z-index-tablet:undefined;;--z-index-mobile:undefined;\"><h2 class=\"uagb-heading-text\"><em><strong>\u00abQuiero ayudar a que las personas recuperen su salud intestinal\u00bb<\/strong><\/em><\/h2><\/div>\n\n\n\n<p><\/p>\n<\/div>\n\n\n\n<div class=\"wp-block-uagb-info-box uagb-block-addf1924 uagb-infobox__content-wrap  uagb-infobox-icon-above-title uagb-infobox-image-valign-top wp-block-uagb-info-box--has-margin\"><div class=\"uagb-infobox-margin-wrapper\"><div class=\"uagb-ifb-content\"><div class=\"uagb-ifb-title-wrap\"><h4 class=\"uagb-ifb-title-prefix\">Hola, soy <strong>Luis Salva Villar<\/strong>, fundador de <strong>Transbioma<\/strong>.<\/h4><div class=\"uagb-ifb-separator\"><\/div><p class=\"uagb-ifb-title\">Este proyecto nace de <strong>mi propia experiencia personal<\/strong>: despu\u00e9s de a\u00f1os investigando y lidiando con disbiosis intestinal, comprend\u00ed que la microbiota es una pieza clave para la energ\u00eda, las defensas, las digestiones e incluso el estado de \u00e1nimo. <\/p><\/div><p class=\"uagb-ifb-desc\"><br><strong>En ese camino segu\u00ed malos consejos<\/strong> <strong>de profesionales supuestamente actualizados<\/strong>: probi\u00f3ticos, herb\u00e1ceos, dietas bajas en FODMAPs, suplementos\u2026 Nada de eso me dio una mejora real, <strong>anduve dando tumbos<\/strong>. Tal vez a alguien le pueda funcionar, pero nunca ser\u00e1 <strong>comparable con los resultados que ofrece un trasplante de microbiota fecal (TMF)<\/strong>.<br><br>Con el tiempo descubr\u00ed algo decisivo: para obtener resultados reales, no basta con suplementos o cambios de h\u00e1bitos. Es fundamental <strong>ir directamente a la fuente de la microbiota<\/strong>, y eso significa utilizar las heces de una persona sana, con una microbiota excepcional, para repoblar la tuya mediante un <strong>trasplante de microbiota fecal (TMF)<\/strong>.<br><br>En Transbioma trabajamos para que cada paciente reciba el mejor material posible, <strong>seleccionando donantes<\/strong> de forma rigurosa y coordinando el proceso con cl\u00ednicas y profesionales sanitarios. Nuestro compromiso es <strong>guiarte en todo el camino para que recuperes tu equilibrio intestinal <\/strong>de forma segura y eficaz.<br><br><strong>Por qu\u00e9 confiar en m\u00ed:<\/strong><br>&#8211; Experiencia directa investigando y aplicando TMF.<br>&#8211; Conocimiento actualizado sobre microbiota y salud intestinal, respaldado por evidencia cient\u00edfica.<br>&#8211; Compromiso con la seguridad, la transparencia y la calidad en cada paso.<br><br><strong>Si quieres saber m\u00e1s<\/strong> <strong>puedes:<\/strong><br>&#8211; Visitar las secciones de nuestra web.<br>&#8211; Ver nuestros v\u00eddeos en YouTube.<br>&#8211; Unirte a nuestra comunidad en Telegram. <br><br>Estoy aqu\u00ed para ayudarte a recuperar tu equilibrio intestinal y tu salud.<\/p><\/div><\/div><\/div>\n<\/div>\n","protected":false},"excerpt":{"rendered":"<p>\u00abQuiero ayudar a que las personas recuperen su salud intestinal\u00bb<\/p>\n","protected":false},"author":1,"featured_media":0,"parent":0,"menu_order":0,"comment_status":"closed","ping_status":"closed","template":"","meta":{"_uag_custom_page_level_css":"","_monsterinsights_skip_tracking":false,"_monsterinsights_sitenote_active":false,"_monsterinsights_sitenote_note":"","_monsterinsights_sitenote_category":0,"site-sidebar-layout":"default","site-content-layout":"plain-container","ast-site-content-layout":"normal-width-container","site-content-style":"unboxed","site-sidebar-style":"unboxed","ast-global-header-display":"","ast-banner-title-visibility":"","ast-main-header-display":"","ast-hfb-above-header-display":"","ast-hfb-below-header-display":"","ast-hfb-mobile-header-display":"","site-post-title":"disabled","ast-breadcrumbs-content":"","ast-featured-img":"","footer-sml-layout":"","theme-transparent-header-meta":"enabled","adv-header-id-meta":"","stick-header-meta":"","header-above-stick-meta":"","header-main-stick-meta":"","header-below-stick-meta":"","astra-migrate-meta-layouts":"set","ast-page-background-enabled":"default","ast-page-background-meta":{"desktop":{"background-color":"var(--ast-global-color-5)","background-image":"","background-repeat":"repeat","background-position":"center center","background-size":"auto","background-attachment":"scroll","background-type":"","background-media":"","overlay-type":"","overlay-color":"","overlay-opacity":"","overlay-gradient":""},"tablet":{"background-color":"","background-image":"","background-repeat":"repeat","background-position":"center center","background-size":"auto","background-attachment":"scroll","background-type":"","background-media":"","overlay-type":"","overlay-color":"","overlay-opacity":"","overlay-gradient":""},"mobile":{"background-color":"","background-image":"","background-repeat":"repeat","background-position":"center center","background-size":"auto","background-attachment":"scroll","background-type":"","background-media":"","overlay-type":"","overlay-color":"","overlay-opacity":"","overlay-gradient":""}},"ast-content-background-meta":{"desktop":{"background-color":"var(--ast-global-color-4)","background-image":"","background-repeat":"repeat","background-position":"center center","background-size":"auto","background-attachment":"scroll","background-type":"","background-media":"","overlay-type":"","overlay-color":"","overlay-opacity":"","overlay-gradient":""},"tablet":{"background-color":"var(--ast-global-color-4)","background-image":"","background-repeat":"repeat","background-position":"center center","background-size":"auto","background-attachment":"scroll","background-type":"","background-media":"","overlay-type":"","overlay-color":"","overlay-opacity":"","overlay-gradient":""},"mobile":{"background-color":"var(--ast-global-color-4)","background-image":"","background-repeat":"repeat","background-position":"center center","background-size":"auto","background-attachment":"scroll","background-type":"","background-media":"","overlay-type":"","overlay-color":"","overlay-opacity":"","overlay-gradient":""}},"footnotes":""},"class_list":["post-1154","page","type-page","status-publish","hentry"],"aioseo_notices":[],"uagb_featured_image_src":{"full":false,"thumbnail":false,"medium":false,"medium_large":false,"large":false,"1536x1536":false,"2048x2048":false,"trp-custom-language-flag":false,"mailpoet_newsletter_max":false},"uagb_author_info":{"display_name":"Luis S. V.","author_link":"https:\/\/transbioma.com\/es\/author\/luisignaciosvgmail-com\/"},"uagb_comment_info":0,"uagb_excerpt":"\u00abQuiero ayudar a que las personas recuperen su salud intestinal\u00bb","_links":{"self":[{"href":"https:\/\/transbioma.com\/es\/wp-json\/wp\/v2\/pages\/1154","targetHints":{"allow":["GET"]}}],"collection":[{"href":"https:\/\/transbioma.com\/es\/wp-json\/wp\/v2\/pages"}],"about":[{"href":"https:\/\/transbioma.com\/es\/wp-json\/wp\/v2\/types\/page"}],"author":[{"embeddable":true,"href":"https:\/\/transbioma.com\/es\/wp-json\/wp\/v2\/users\/1"}],"replies":[{"embeddable":true,"href":"https:\/\/transbioma.com\/es\/wp-json\/wp\/v2\/comments?post=1154"}],"version-history":[{"count":24,"href":"https:\/\/transbioma.com\/es\/wp-json\/wp\/v2\/pages\/1154\/revisions"}],"predecessor-version":[{"id":2012,"href":"https:\/\/transbioma.com\/es\/wp-json\/wp\/v2\/pages\/1154\/revisions\/2012"}],"wp:attachment":[{"href":"https:\/\/transbioma.com\/es\/wp-json\/wp\/v2\/media?parent=1154"}],"curies":[{"name":"wp","href":"https:\/\/api.w.org\/{rel}","templated":true}]}}