{"id":1987,"date":"2025-08-24T08:27:35","date_gmt":"2025-08-24T07:27:35","guid":{"rendered":"https:\/\/transbioma.com\/?page_id=1987"},"modified":"2025-08-24T20:22:33","modified_gmt":"2025-08-24T19:22:33","slug":"contacto","status":"publish","type":"page","link":"https:\/\/transbioma.com\/es\/contacto\/","title":{"rendered":"CONTACTO"},"content":{"rendered":"\n<section class=\"contacto\">\n  <p>\u00bfTienes dudas sobre microbiota, FMT o el proyecto Transbioma? Escr\u00edbeme y te respondo lo antes posible.<\/p>\n\n  <h2>Formulario de contacto<\/h2>\n\n\n<div class=\"forminator-ui forminator-custom-form forminator-custom-form-1989 forminator-design--default  forminator_ajax\" data-forminator-render=\"0\" data-form=\"forminator-module-1989\" data-uid=\"69e1d7bbb3600\"><br\/><\/div><form\n\t\t\t\tid=\"forminator-module-1989\"\n\t\t\t\tclass=\"forminator-ui forminator-custom-form forminator-custom-form-1989 forminator-design--default  forminator_ajax\"\n\t\t\t\tmethod=\"post\"\n\t\t\t\tdata-forminator-render=\"0\"\n\t\t\t\tdata-form-id=\"1989\"\n\t\t\t\t data-color-option=\"theme\" data-design=\"default\" data-grid=\"open\" style=\"display: none;\"\n\t\t\t\tdata-uid=\"69e1d7bbb3600\"\n\t\t\t><div role=\"alert\" aria-live=\"polite\" class=\"forminator-response-message forminator-error\" aria-hidden=\"true\"><\/div><div class=\"forminator-row\"><\/div><div class=\"forminator-row\"><div id=\"name-1\" class=\"forminator-field-name forminator-col forminator-col-12 \"><div class=\"forminator-field\"><label for=\"forminator-field-name-1_69e1d7bbb3600\" id=\"forminator-field-name-1_69e1d7bbb3600-label\" class=\"forminator-label\">Nombre <span class=\"forminator-required\">*<\/span><\/label><input type=\"text\" name=\"name-1\" value=\"\" placeholder=\"\" id=\"forminator-field-name-1_69e1d7bbb3600\" class=\"forminator-input forminator-name--field\" aria-required=\"true\" autocomplete=\"name\" \/><\/div><\/div><\/div><div class=\"forminator-row\"><div id=\"email-1\" class=\"forminator-field-email forminator-col forminator-col-12 \"><div class=\"forminator-field\"><label for=\"forminator-field-email-1_69e1d7bbb3600\" id=\"forminator-field-email-1_69e1d7bbb3600-label\" class=\"forminator-label\">Direcci\u00f3n de correo electr\u00f3nico <span class=\"forminator-required\">*<\/span><\/label><input type=\"email\" name=\"email-1\" value=\"\" placeholder=\"\" id=\"forminator-field-email-1_69e1d7bbb3600\" class=\"forminator-input forminator-email--field\" data-required=\"1\" aria-required=\"true\" autocomplete=\"email\" \/><\/div><\/div><\/div><div class=\"forminator-row\"><div id=\"select-1\" class=\"forminator-field-select forminator-col forminator-col-12 \"><div class=\"forminator-field\"><label for=\"forminator-form-1989__field--select-1_69e1d7bbb3600\" id=\"forminator-form-1989__field--select-1_69e1d7bbb3600-label\" class=\"forminator-label\">Seleccionar <span class=\"forminator-required\">*<\/span><\/label><select multiple id=\"forminator-form-1989__field--select-1_69e1d7bbb3600\" class=\"forminator-select--field forminator-select2 forminator-select2-multiple\" data-required=\"1\" name=\"select-1[]\" data-default-value=\"\" data-hidden-behavior=\"zero\" data-placeholder=\"Por favor, selecciona una opci\u00f3n\" data-search=\"false\" data-search-placeholder=\"Search\" data-checkbox=\"false\" data-allow-clear=\"true\" aria-labelledby=\"forminator-form-1989__field--select-1_69e1d7bbb3600-label\"><option value=\"one\"  data-calculation=\"0\">Dudas generales<\/option><option value=\"Soy-posible-donante\"  data-calculation=\"0\">Soy posible donante<\/option><option value=\"Quiero-hacer-un-TMF\"  data-calculation=\"0\">Quiero hacer un TMF<\/option><option value=\"Colaboraciones\"  data-calculation=\"0\">Colaboraciones<\/option><option value=\"Prensa---medios\"  data-calculation=\"0\">Prensa \/ medios<\/option><option value=\"custom_option\"  data-calculation=\"0\">Otros<\/option><\/select><div class=\"forminator-field forminator-custom-input\"><input id=\"custom-forminator-form-1989__field--select-1_69e1d7bbb3600\" name=\"custom-select-1\" class=\"forminator-input\" aria-label=\"Otros\" value=\"\" \/><\/div><\/div><\/div><\/div><div class=\"forminator-row\"><div id=\"textarea-1\" class=\"forminator-field-textarea forminator-col forminator-col-12 \"><div class=\"forminator-field\"><label for=\"forminator-field-textarea-1_69e1d7bbb3600\" id=\"forminator-field-textarea-1_69e1d7bbb3600-label\" class=\"forminator-label\">Escribe aqu\u00ed tu texto <span class=\"forminator-required\">*<\/span><\/label><textarea name=\"textarea-1\" placeholder=\"\" id=\"forminator-field-textarea-1_69e1d7bbb3600\" class=\"forminator-textarea\" rows=\"6\" style=\"min-height:140px;\" ><\/textarea><\/div><\/div><\/div><div class=\"forminator-row\"><div id=\"consent-1\" class=\"forminator-field-consent forminator-col forminator-col-12 \"><div class=\"forminator-field\"><label for=\"forminator-field-consent-1_69e1d7bbb3600\" id=\"forminator-field-consent-1_69e1d7bbb3600-label\" class=\"forminator-label\">Consent <span class=\"forminator-required\">*<\/span><\/label><div class=\"forminator-checkbox__wrapper\"><label id=\"forminator-field-consent-1_69e1d7bbb3600__label\" class=\"forminator-checkbox forminator-consent\" aria-labelledby=\"forminator-field-consent-1_69e1d7bbb3600-label\"><input type=\"checkbox\" name=\"consent-1\" id=\"forminator-field-consent-1_69e1d7bbb3600\" value=\"checked\" aria-labelledby=\"forminator-field-consent-1_69e1d7bbb3600-label\" aria-describedby=\"forminator-field-consent-1_69e1d7bbb3600__description\" data-required=\"true\" aria-required=\"true\" \/><span class=\"forminator-checkbox-box\" aria-hidden=\"true\"><\/span><\/label><div id=\"forminator-field-consent-1_69e1d7bbb3600__description\" class=\"forminator-checkbox__label forminator-consent__label\"><p>S\u00ed, estoy de acuerdo con la <a rel=\"noopener\" target=\"_blank\" href=\"https:\/\/transbioma.com\/es\/politica-de-privacidad\/\">pol\u00edtica de privacidad<\/a> y <a rel=\"noopener\" target=\"_blank\" href=\"https:\/\/transbioma.com\/es\/aviso-legal\/\">condiciones generales<\/a>.<\/p><\/div><\/div><\/div><\/div><\/div><input type=\"hidden\" name=\"referer_url\" value=\"\" \/><div class=\"forminator-row forminator-row-last\"><div class=\"forminator-col\"><div class=\"forminator-field\"><button class=\"forminator-button forminator-button-submit\">Enviar<\/button><\/div><\/div><\/div><input type=\"hidden\" id=\"forminator_nonce\" name=\"forminator_nonce\" value=\"ea71e04e31\" \/><input type=\"hidden\" name=\"_wp_http_referer\" value=\"\/es\/wp-json\/wp\/v2\/pages\/1987\" \/><input type=\"hidden\" name=\"form_id\" value=\"1989\"><input type=\"hidden\" name=\"page_id\" value=\"1987\"><input type=\"hidden\" name=\"form_type\" value=\"default\"><input type=\"hidden\" name=\"current_url\" value=\"https:\/\/transbioma.com\/es\/contacto\/\"><input type=\"hidden\" name=\"render_id\" value=\"0\"><input type=\"hidden\" name=\"action\" value=\"forminator_submit_form_custom-forms\"><\/form>\n\n\n\n<h2>Otras v\u00edas de contacto<\/h2>\n  <ul>\n    <li><strong>Email:<\/strong> info.transbioma.com<\/li>\n    <!-- A\u00f1ade tu enlace real -->\n    <li><strong>Telegram:<\/strong> <a href=\"https:\/\/t.me\/transbioma\" target=\"_blank\" rel=\"noopener\">Abrir Telegram<\/a><\/li>\n  <\/ul>\n\n  <h2>Tiempos de respuesta<\/h2>\n  <p>Suele haber respuesta en 24\u201348&nbsp;h laborables. Si es algo urgente, ind\u00edcalo en el asunto.<\/p>\n\n  <h2>Preguntas frecuentes (FAQ)<\/h2>\n  <details>\n    <summary>\u00bfPuedo ofrecerme como posible donante de microbiota?<\/summary>\n    <p>S\u00ed. Si tu consulta es por donaci\u00f3n, elige \u201cSoy posible donante\u201d en el asunto y rellena primero el cuestionario: <a href=\"https:\/\/transbioma.com\/es\/tu-enlace-cuestionario\" target=\"_blank\" rel=\"noopener\">Abrir cuestionario<\/a>.<\/p>\n  <\/details>\n  <details>\n    <summary>\u00bfQu\u00e9 pasa con mis datos?<\/summary>\n    <p>Solo se usar\u00e1n para responder a tu mensaje. No se ceden a terceros salvo obligaci\u00f3n legal. Puedes ejercer tus derechos escribiendo por esta misma v\u00eda.<\/p>\n  <\/details>\n  <details>\n    <summary>\u00bfAtend\u00e9is casos cl\u00ednicos?<\/summary>\n    <p>Transbioma es un proyecto divulgativo y de conexi\u00f3n con profesionales. No sustituye atenci\u00f3n m\u00e9dica.<\/p>\n  <\/details>\n\n  <h2>Informaci\u00f3n de protecci\u00f3n de datos (RGPD)<\/h2>\n  <ul>\n    <li><strong>Responsable:<\/strong> Transbioma (Luis Salva Villar)<\/li>\n    <li><strong>Finalidad:<\/strong> Gestionar y responder tu solicitud de contacto<\/li>\n    <li><strong>Legitimaci\u00f3n:<\/strong> Consentimiento del interesado<\/li>\n    <li><strong>Destinatarios:<\/strong> No se ceder\u00e1n datos a terceros, salvo obligaci\u00f3n legal<\/li>\n    <li><strong>Derechos:<\/strong> Acceso, rectificaci\u00f3n, supresi\u00f3n y otros derechos<\/li>\n    <li><strong>Informaci\u00f3n adicional:<\/strong> <a href=\"\/es\/politica-de-privacidad\/\">Pol\u00edtica de Privacidad<\/a> y <a href=\"\/es\/politica-de-cookies\/\">Pol\u00edtica de Cookies<\/a><\/li>\n  <\/ul>\n\n  <p><em>Aviso: La informaci\u00f3n ofrecida por Transbioma es divulgativa y no sustituye el consejo m\u00e9dico profesional.<\/em><\/p>\n<\/section>\n\n","protected":false},"excerpt":{"rendered":"<p>\u00bfTienes dudas sobre microbiota, FMT o el proyecto Transbioma? Escr\u00edbeme y te respondo lo antes posible. Formulario de contacto Otras [&hellip;]<\/p>\n","protected":false},"author":1,"featured_media":0,"parent":0,"menu_order":0,"comment_status":"closed","ping_status":"closed","template":"","meta":{"_uag_custom_page_level_css":"","_monsterinsights_skip_tracking":false,"_monsterinsights_sitenote_active":false,"_monsterinsights_sitenote_note":"","_monsterinsights_sitenote_category":0,"site-sidebar-layout":"default","site-content-layout":"","ast-site-content-layout":"default","site-content-style":"default","site-sidebar-style":"default","ast-global-header-display":"","ast-banner-title-visibility":"","ast-main-header-display":"","ast-hfb-above-header-display":"","ast-hfb-below-header-display":"","ast-hfb-mobile-header-display":"","site-post-title":"","ast-breadcrumbs-content":"","ast-featured-img":"","footer-sml-layout":"","theme-transparent-header-meta":"","adv-header-id-meta":"","stick-header-meta":"","header-above-stick-meta":"","header-main-stick-meta":"","header-below-stick-meta":"","astra-migrate-meta-layouts":"default","ast-page-background-enabled":"default","ast-page-background-meta":{"desktop":{"background-color":"var(--ast-global-color-5)","background-image":"","background-repeat":"repeat","background-position":"center center","background-size":"auto","background-attachment":"scroll","background-type":"","background-media":"","overlay-type":"","overlay-color":"","overlay-opacity":"","overlay-gradient":""},"tablet":{"background-color":"","background-image":"","background-repeat":"repeat","background-position":"center center","background-size":"auto","background-attachment":"scroll","background-type":"","background-media":"","overlay-type":"","overlay-color":"","overlay-opacity":"","overlay-gradient":""},"mobile":{"background-color":"","background-image":"","background-repeat":"repeat","background-position":"center center","background-size":"auto","background-attachment":"scroll","background-type":"","background-media":"","overlay-type":"","overlay-color":"","overlay-opacity":"","overlay-gradient":""}},"ast-content-background-meta":{"desktop":{"background-color":"var(--ast-global-color-4)","background-image":"","background-repeat":"repeat","background-position":"center center","background-size":"auto","background-attachment":"scroll","background-type":"","background-media":"","overlay-type":"","overlay-color":"","overlay-opacity":"","overlay-gradient":""},"tablet":{"background-color":"var(--ast-global-color-4)","background-image":"","background-repeat":"repeat","background-position":"center center","background-size":"auto","background-attachment":"scroll","background-type":"","background-media":"","overlay-type":"","overlay-color":"","overlay-opacity":"","overlay-gradient":""},"mobile":{"background-color":"var(--ast-global-color-4)","background-image":"","background-repeat":"repeat","background-position":"center center","background-size":"auto","background-attachment":"scroll","background-type":"","background-media":"","overlay-type":"","overlay-color":"","overlay-opacity":"","overlay-gradient":""}},"footnotes":""},"class_list":["post-1987","page","type-page","status-publish","hentry"],"aioseo_notices":[],"uagb_featured_image_src":{"full":false,"thumbnail":false,"medium":false,"medium_large":false,"large":false,"1536x1536":false,"2048x2048":false,"trp-custom-language-flag":false,"mailpoet_newsletter_max":false},"uagb_author_info":{"display_name":"Luis S. V.","author_link":"https:\/\/transbioma.com\/es\/author\/luisignaciosvgmail-com\/"},"uagb_comment_info":0,"uagb_excerpt":"\u00bfTienes dudas sobre microbiota, FMT o el proyecto Transbioma? Escr\u00edbeme y te respondo lo antes posible. Formulario de contacto Otras [&hellip;]","_links":{"self":[{"href":"https:\/\/transbioma.com\/es\/wp-json\/wp\/v2\/pages\/1987","targetHints":{"allow":["GET"]}}],"collection":[{"href":"https:\/\/transbioma.com\/es\/wp-json\/wp\/v2\/pages"}],"about":[{"href":"https:\/\/transbioma.com\/es\/wp-json\/wp\/v2\/types\/page"}],"author":[{"embeddable":true,"href":"https:\/\/transbioma.com\/es\/wp-json\/wp\/v2\/users\/1"}],"replies":[{"embeddable":true,"href":"https:\/\/transbioma.com\/es\/wp-json\/wp\/v2\/comments?post=1987"}],"version-history":[{"count":3,"href":"https:\/\/transbioma.com\/es\/wp-json\/wp\/v2\/pages\/1987\/revisions"}],"predecessor-version":[{"id":1992,"href":"https:\/\/transbioma.com\/es\/wp-json\/wp\/v2\/pages\/1987\/revisions\/1992"}],"wp:attachment":[{"href":"https:\/\/transbioma.com\/es\/wp-json\/wp\/v2\/media?parent=1987"}],"curies":[{"name":"wp","href":"https:\/\/api.w.org\/{rel}","templated":true}]}}